{"id":6419,"date":"2021-06-13T11:39:28","date_gmt":"2021-06-13T14:39:28","guid":{"rendered":"https:\/\/keenitsolutions.com\/products\/wordpress\/dabble\/?page_id=6419"},"modified":"2021-09-16T08:28:23","modified_gmt":"2021-09-16T11:28:23","slug":"home-12","status":"publish","type":"page","link":"https:\/\/mundoinbox.com\/","title":{"rendered":"Home"},"content":{"rendered":"\t\t<div data-elementor-type=\"wp-page\" data-elementor-id=\"6419\" class=\"elementor elementor-6419\">\n\t\t\t\t\t\t<section class=\"elementor-section elementor-top-section elementor-element elementor-element-670c550 elementor-section-full_width elementor-section-stretched elementor-section-height-default elementor-section-height-default\" data-id=\"670c550\" data-element_type=\"section\" data-settings=\"{&quot;stretch_section&quot;:&quot;section-stretched&quot;}\">\n\t\t\t\t\t\t<div class=\"elementor-container elementor-column-gap-default\">\n\t\t\t\t\t<div class=\"elementor-column elementor-col-100 elementor-top-column elementor-element elementor-element-c3ce03e\" data-id=\"c3ce03e\" data-element_type=\"column\">\n\t\t\t<div class=\"elementor-widget-wrap elementor-element-populated\">\n\t\t\t\t\t\t<div class=\"elementor-element elementor-element-c7159f1 elementor-widget elementor-widget-rs-sliders\" data-id=\"c7159f1\" data-element_type=\"widget\" data-widget_type=\"rs-sliders.default\">\n\t\t\t\t<div class=\"elementor-widget-container\">\n\t\t\t       \n            <div class=\"rsaddon-unique-slider rs__banner__slider\">\n                <div id=\"rsaddon-slick-slider-4737\" class=\"rs-addon-slider\">                   \n                        \n                                        <div class=\"grid-item\" style=\"background-image: url(https:\/\/mundoinbox.com\/wp-content\/uploads\/2021\/07\/capa2-2.jpg); background-position: center top; width: 1903px;\" data-slick-index=\"0\" aria-hidden=\"false\" tabindex=\"-1\" role=\"option\" aria-describedby=\"slick-slide00\">\n                            <div  class=\"rs-slide\">\n                                <div class=\"slide-img\">                                   \n                                    \n                                    <div class=\"slide_des\">\n                                    \t<div class=\"container\">\n\t                                    \n\t                                                                        \n\t                                        <h1 class=\"title\">\n\t                                             Criando as <br>melhores imagens\t                                        <\/h1>                                    \n\t                                    \n\t                                                                        \n\t                                        <div class=\"desc\">\n\t                                            <p class=\"description\"> TRABALHAMOS SEU PROJETO DE CAMPANHA COM AUTENCIDADE<br>\nE BUSCANDO A MELHOR MANEIRA DE APRESENTAR SEUS PRODUTOS<\/p>\n\t                                        <\/div>                                    \n\t                                    \n\t                                      \n\t                                    <div class=\"rs__button\">                                  \n\t                                        <a href=\"https:\/\/mundoinbox.com\/portfolio\/\">\n\t                                        \tSaiba Mais                                      \n\t                                        <\/a>  \n\t                                    <\/div>                                  \n\t                                    \t                                \t<\/div>\n\t                                <\/div>\n\t                                <span class=\"number\"><span class=\"first\">1<\/span> \/ <span class=\"last\">3<\/span><\/span>\n                                <\/div>\n                            <\/div>\n                        <\/div>           \n                                            <div class=\"grid-item\" style=\"background-image: url(https:\/\/mundoinbox.com\/wp-content\/uploads\/2021\/08\/capa3-1.jpg); background-position: center top; width: 1903px;\" data-slick-index=\"0\" aria-hidden=\"false\" tabindex=\"-1\" role=\"option\" aria-describedby=\"slick-slide00\">\n                            <div  class=\"rs-slide\">\n                                <div class=\"slide-img\">                                   \n                                    \n                                    <div class=\"slide_des\">\n                                    \t<div class=\"container\">\n\t                                                                        \n\t                                        <span class=\"watermark\">\n\t                                            Digital\t                                        <\/span>                                    \n\t                                    \n\t                                                                        \n\t                                        <h1 class=\"title\">\n\t                                             Cultivando<br> parcerias duradouras\t                                        <\/h1>                                    \n\t                                    \n\t                                                                        \n\t                                        <div class=\"desc\">\n\t                                            <p class=\"description\"> GRA\u00c7AS A RELA\u00c7\u00c3O DE CONFIAN\u00c7A, NOS UNIMOS AOS NOSSOS CLIENTES E JUNTOS FORMAMOS UMA EQUIPE DE PROJETO.<br>\nONDE CADA UM REPRESENTA UM PARCELA IMPORTANTE E, DAMOS VIDA AO TRABALHO DE UM GRUPO ENORME DE PESSOAS.<\/p>\n\t                                        <\/div>                                    \n\t                                    \n\t                                      \n\t                                    <div class=\"rs__button\">                                  \n\t                                        <a href=\"https:\/\/mundoinbox.com\/portfolio\/\">\n\t                                        \tSaiba Mais                                      \n\t                                        <\/a>  \n\t                                    <\/div>                                  \n\t                                    \t                                \t<\/div>\n\t                                <\/div>\n\t                                <span class=\"number\"><span class=\"first\">2<\/span> \/ <span class=\"last\">3<\/span><\/span>\n                                <\/div>\n                            <\/div>\n                        <\/div>           \n                                            <div class=\"grid-item\" style=\"background-image: url(https:\/\/mundoinbox.com\/wp-content\/uploads\/2021\/08\/capa-02-1.jpg); background-position: center top; width: 1903px;\" data-slick-index=\"0\" aria-hidden=\"false\" tabindex=\"-1\" role=\"option\" aria-describedby=\"slick-slide00\">\n                            <div  class=\"rs-slide\">\n                                <div class=\"slide-img\">                                   \n                                    \n                                    <div class=\"slide_des\">\n                                    \t<div class=\"container\">\n\t                                                                        \n\t                                        <span class=\"watermark\">\n\t                                            Digital\t                                        <\/span>                                    \n\t                                    \n\t                                                                        \n\t                                        <h1 class=\"title\">\n\t                                             Realizando<br> os melhores projetos\t                                        <\/h1>                                    \n\t                                    \n\t                                                                        \n\t                                        <div class=\"desc\">\n\t                                            <p class=\"description\"> SUCESSO N\u00c3O \u00c9 SOMENTE SOBRE O RESULTADO FINAL, MAS SOBRETUDO O QUE<br>APRENDEMOS A CADA NOVO PROJETO COM NOSSOS CLIENTES E PARCEIROS DE TRABALHO.<\/p>\n\t                                        <\/div>                                    \n\t                                    \n\t                                      \n\t                                    <div class=\"rs__button\">                                  \n\t                                        <a href=\"https:\/\/mundoinbox.com\/portfolio\/\">\n\t                                        \tSaiba Mais                                      \n\t                                        <\/a>  \n\t                                    <\/div>                                  \n\t                                    \t                                \t<\/div>\n\t                                <\/div>\n\t                                <span class=\"number\"><span class=\"first\">3<\/span> \/ <span class=\"last\">3<\/span><\/span>\n                                <\/div>\n                            <\/div>\n                        <\/div>           \n                                    <\/div>\n                <div class=\"rsaddon-slider-conf wpsisac-hide\" data-conf=\"{&quot;slidesToShow&quot;:1,&quot;autoplaySpeed&quot;:3000,&quot;interval&quot;:3000,&quot;slidesToScroll&quot;:1,&quot;slider_autoplay&quot;:&quot;false&quot;,&quot;pauseOnHover&quot;:&quot;false&quot;,&quot;sliderNav&quot;:&quot;true&quot;,&quot;infinite&quot;:&quot;false&quot;,&quot;col_lg&quot;:1}\"><\/div>\n            <\/div>\n            <script type=\"text\/javascript\"> \n                jQuery(document).ready(function(){\n                    jQuery( '.rs-addon-slider' ).each(function( index ) {        \n                    var slider_id       = jQuery(this).attr('id'); \n                    var slider_conf     = jQuery.parseJSON( jQuery(this).closest('.rsaddon-unique-slider').find('.rsaddon-slider-conf').attr('data-conf'));\n                   \n                    if( typeof(slider_id) != 'undefined' && slider_id != '' ) {\n                    jQuery('#'+slider_id).not('.slick-initialized').slick({\n                    slidesToShow    : parseInt(slider_conf.col_lg),\n                    centerMode      : (slider_conf.centerMode)  == \"true\" ? true : false,\n                    dots            : (slider_conf.sliderDots)  == \"true\" ? true : false,\n                    arrows          : (slider_conf.sliderNav) == \"true\" ? true : false,\n                    autoplay        : (slider_conf.slider_autoplay) == \"true\" ? true : false,\n                    slidesToScroll  : parseInt(slider_conf.slidesToScroll),\n                    centerPadding   : '0px',\n                    autoplaySpeed   : parseInt(slider_conf.autoplaySpeed),\n                    pauseOnHover    : (slider_conf.pauseOnHover) == \"true\" ? true : false,\n                    loop : false,\n                    });\n                }\n               \n                });\n            });\n            <\/script>\n        \t\t<\/div>\n\t\t\t\t<\/div>\n\t\t\t\t\t<\/div>\n\t\t<\/div>\n\t\t\t\t\t<\/div>\n\t\t<\/section>\n\t\t\t\t<section class=\"elementor-section elementor-top-section elementor-element elementor-element-786b705 elementor-section-boxed elementor-section-height-default elementor-section-height-default\" data-id=\"786b705\" data-element_type=\"section\">\n\t\t\t\t\t\t<div class=\"elementor-container elementor-column-gap-default\">\n\t\t\t\t\t<div class=\"elementor-column elementor-col-100 elementor-top-column elementor-element elementor-element-377a0b0\" data-id=\"377a0b0\" data-element_type=\"column\">\n\t\t\t<div class=\"elementor-widget-wrap elementor-element-populated\">\n\t\t\t\t\t\t<section class=\"elementor-section elementor-inner-section elementor-element elementor-element-3cf95f2 elementor-section-boxed elementor-section-height-default elementor-section-height-default\" data-id=\"3cf95f2\" data-element_type=\"section\">\n\t\t\t\t\t\t<div class=\"elementor-container elementor-column-gap-default\">\n\t\t\t\t\t<div class=\"elementor-column elementor-col-50 elementor-inner-column elementor-element elementor-element-87e247f\" data-id=\"87e247f\" data-element_type=\"column\">\n\t\t\t<div class=\"elementor-widget-wrap elementor-element-populated\">\n\t\t\t\t\t\t<div class=\"elementor-element elementor-element-6e8330a elementor-widget elementor-widget-rs-heading\" data-id=\"6e8330a\" data-element_type=\"widget\" data-widget_type=\"rs-heading.default\">\n\t\t\t\t<div class=\"elementor-widget-container\">\n\t\t\t\n        <div class=\"prelements-heading style16 animate-style1 left\">\n        \t<div class=\"title-inner\">        \t\t      \t\t\n\t            <h2 class=\"title\"><span class=\"watermark\"><\/span>Somos uma Ag\u00eancia Produtora de Cat\u00e1logos<\/h2>\t\t\t\t\t\t\t\t\t<div class=\"pre-heading-line1\"><\/div>\n\t\t\t\t\n\t\t\t\t\t        <\/div>\n\t                <\/div>\n        \t\t<\/div>\n\t\t\t\t<\/div>\n\t\t\t\t\t<\/div>\n\t\t<\/div>\n\t\t\t\t<div class=\"elementor-column elementor-col-50 elementor-inner-column elementor-element elementor-element-93eab46\" data-id=\"93eab46\" data-element_type=\"column\">\n\t\t\t<div class=\"elementor-widget-wrap elementor-element-populated\">\n\t\t\t\t\t\t<div class=\"elementor-element elementor-element-ef9926a elementor-widget elementor-widget-rs-heading\" data-id=\"ef9926a\" data-element_type=\"widget\" data-widget_type=\"rs-heading.default\">\n\t\t\t\t<div class=\"elementor-widget-container\">\n\t\t\t\n        <div class=\"prelements-heading style16 animate-default left\">\n        \t<div class=\"title-inner\">        \t\t      \t\t\n\t            \t\t\t\t\n\t\t\t\t\t        <\/div>\n\t                    \t<div class=\"description\">\n            \t\t<p>Por sermos multidisciplinares, atendemos os clientes de ponta a ponta.<br \/>Com uma equipe qualificada, montamos seu projeto com a melhor qualidade e efici\u00eancia!<\/p>            \t\t\n            \t<\/div>\n        \t        <\/div>\n        \t\t<\/div>\n\t\t\t\t<\/div>\n\t\t\t\t\t<\/div>\n\t\t<\/div>\n\t\t\t\t\t<\/div>\n\t\t<\/section>\n\t\t\t\t<div class=\"elementor-element elementor-element-12d01f1 elementor-widget elementor-widget-rsportfolio\" data-id=\"12d01f1\" data-element_type=\"widget\" data-widget_type=\"rsportfolio.default\">\n\t\t\t\t<div class=\"elementor-widget-container\">\n\t\t\t\t\t<div class=\"rs-portfolio-style8 rsaddon_pro_box\">\n\t\t\t<div class=\"grid\">\n\t\t\t\t<div class=\"row \">\n\n\t\t\t\t    \t\r\n\t<div class=\"col-lg-4 col-md-6 grid-item \">\r\n\t\t\r\n\t\t<div class=\"portfolio-item content-overlay\">\r\n\t\t\t                <div class=\"portfolio-img\">\r\n                \t<a href=\"https:\/\/mundoinbox.com\/?portfolios=zee-rucci-2\"><img fetchpriority=\"high\" decoding=\"async\" width=\"520\" height=\"640\" src=\"https:\/\/mundoinbox.com\/wp-content\/uploads\/2021\/07\/zee-rucci-2-01-520x640.jpg\" class=\"attachment-dabble_portfolio-slider size-dabble_portfolio-slider wp-post-image\" alt=\"\" \/><\/a>\r\n\r\n            \t\t<div class=\"p-icon\">\r\n            \t        <a  href=\"https:\/\/mundoinbox.com\/?portfolios=zee-rucci-2\" ><i class=\"glyph-icon flaticon-next\"><\/i><\/a>  \r\n            \t    <\/div>\r\n                <\/div>\r\n                        <div class=\"portfolio-content\">\r\n    \t\t\t    \t\t\t\t<h4 class=\"p-title\"><a href=\"https:\/\/mundoinbox.com\/?portfolios=zee-rucci-2\">Zee Rucci<\/a><\/h4>\r\n    \t\t\t            \t<p class=\"p-category\"> <a href=\"https:\/\/mundoinbox.com\/?portfolio-category=branding\" rel=\"tag\">Branding<\/a><\/p>\r\n            <\/div>\r\n        <\/div>\r\n\t\t\r\n\t<\/div>\r\n\t\t\r\n\t<div class=\"col-lg-4 col-md-6 grid-item \">\r\n\t\t\r\n\t\t<div class=\"portfolio-item content-overlay\">\r\n\t\t\t                <div class=\"portfolio-img\">\r\n                \t<a href=\"https:\/\/mundoinbox.com\/?portfolios=kamylus-5\"><img decoding=\"async\" width=\"520\" height=\"640\" src=\"https:\/\/mundoinbox.com\/wp-content\/uploads\/2021\/07\/kamylus-5-01-520x640.jpg\" class=\"attachment-dabble_portfolio-slider size-dabble_portfolio-slider wp-post-image\" alt=\"\" \/><\/a>\r\n\r\n            \t\t<div class=\"p-icon\">\r\n            \t        <a  href=\"https:\/\/mundoinbox.com\/?portfolios=kamylus-5\" ><i class=\"glyph-icon flaticon-next\"><\/i><\/a>  \r\n            \t    <\/div>\r\n                <\/div>\r\n                        <div class=\"portfolio-content\">\r\n    \t\t\t    \t\t\t\t<h4 class=\"p-title\"><a href=\"https:\/\/mundoinbox.com\/?portfolios=kamylus-5\">Kamylus<\/a><\/h4>\r\n    \t\t\t            \t<p class=\"p-category\"> <a href=\"https:\/\/mundoinbox.com\/?portfolio-category=branding\" rel=\"tag\">Branding<\/a><\/p>\r\n            <\/div>\r\n        <\/div>\r\n\t\t\r\n\t<\/div>\r\n\t\t\r\n\t<div class=\"col-lg-4 col-md-6 grid-item \">\r\n\t\t\r\n\t\t<div class=\"portfolio-item content-overlay\">\r\n\t\t\t                <div class=\"portfolio-img\">\r\n                \t<a href=\"https:\/\/mundoinbox.com\/?portfolios=zee-rucci\"><img decoding=\"async\" width=\"520\" height=\"640\" src=\"https:\/\/mundoinbox.com\/wp-content\/uploads\/2021\/07\/zee-rucci-1-08-520x640.jpg\" class=\"attachment-dabble_portfolio-slider size-dabble_portfolio-slider wp-post-image\" alt=\"\" \/><\/a>\r\n\r\n            \t\t<div class=\"p-icon\">\r\n            \t        <a  href=\"https:\/\/mundoinbox.com\/?portfolios=zee-rucci\" ><i class=\"glyph-icon flaticon-next\"><\/i><\/a>  \r\n            \t    <\/div>\r\n                <\/div>\r\n                        <div class=\"portfolio-content\">\r\n    \t\t\t    \t\t\t\t<h4 class=\"p-title\"><a href=\"https:\/\/mundoinbox.com\/?portfolios=zee-rucci\">Zee Rucci<\/a><\/h4>\r\n    \t\t\t            \t<p class=\"p-category\"> <a href=\"https:\/\/mundoinbox.com\/?portfolio-category=branding\" rel=\"tag\">Branding<\/a><\/p>\r\n            <\/div>\r\n        <\/div>\r\n\t\t\r\n\t<\/div>\r\n\t\t\r\n\t<div class=\"col-lg-4 col-md-6 grid-item \">\r\n\t\t\r\n\t\t<div class=\"portfolio-item content-overlay\">\r\n\t\t\t                <div class=\"portfolio-img\">\r\n                \t<a href=\"https:\/\/mundoinbox.com\/?portfolios=live-02\"><img loading=\"lazy\" decoding=\"async\" width=\"520\" height=\"640\" src=\"https:\/\/mundoinbox.com\/wp-content\/uploads\/2021\/05\/live-2-01-520x640.jpg\" class=\"attachment-dabble_portfolio-slider size-dabble_portfolio-slider wp-post-image\" alt=\"\" \/><\/a>\r\n\r\n            \t\t<div class=\"p-icon\">\r\n            \t        <a  href=\"https:\/\/mundoinbox.com\/?portfolios=live-02\" ><i class=\"glyph-icon flaticon-next\"><\/i><\/a>  \r\n            \t    <\/div>\r\n                <\/div>\r\n                        <div class=\"portfolio-content\">\r\n    \t\t\t    \t\t\t\t<h4 class=\"p-title\"><a href=\"https:\/\/mundoinbox.com\/?portfolios=live-02\">Live<\/a><\/h4>\r\n    \t\t\t            \t<p class=\"p-category\"> <a href=\"https:\/\/mundoinbox.com\/?portfolio-category=design\" rel=\"tag\">Design<\/a><\/p>\r\n            <\/div>\r\n        <\/div>\r\n\t\t\r\n\t<\/div>\r\n\t\t\r\n\t<div class=\"col-lg-4 col-md-6 grid-item \">\r\n\t\t\r\n\t\t<div class=\"portfolio-item content-overlay\">\r\n\t\t\t                <div class=\"portfolio-img\">\r\n                \t<a href=\"https:\/\/mundoinbox.com\/?portfolios=kamylus-2\"><img loading=\"lazy\" decoding=\"async\" width=\"520\" height=\"640\" src=\"https:\/\/mundoinbox.com\/wp-content\/uploads\/2021\/06\/Kamylus-02-04-520x640.jpg\" class=\"attachment-dabble_portfolio-slider size-dabble_portfolio-slider wp-post-image\" alt=\"\" \/><\/a>\r\n\r\n            \t\t<div class=\"p-icon\">\r\n            \t        <a  href=\"https:\/\/mundoinbox.com\/?portfolios=kamylus-2\" ><i class=\"glyph-icon flaticon-next\"><\/i><\/a>  \r\n            \t    <\/div>\r\n                <\/div>\r\n                        <div class=\"portfolio-content\">\r\n    \t\t\t    \t\t\t\t<h4 class=\"p-title\"><a href=\"https:\/\/mundoinbox.com\/?portfolios=kamylus-2\">Kamylus<\/a><\/h4>\r\n    \t\t\t            \t<p class=\"p-category\"> <a href=\"https:\/\/mundoinbox.com\/?portfolio-category=branding\" rel=\"tag\">Branding<\/a><\/p>\r\n            <\/div>\r\n        <\/div>\r\n\t\t\r\n\t<\/div>\r\n\t\t\r\n\t<div class=\"col-lg-4 col-md-6 grid-item \">\r\n\t\t\r\n\t\t<div class=\"portfolio-item content-overlay\">\r\n\t\t\t                <div class=\"portfolio-img\">\r\n                \t<a href=\"https:\/\/mundoinbox.com\/?portfolios=zig-zag-zaa-2\"><img loading=\"lazy\" decoding=\"async\" width=\"520\" height=\"640\" src=\"https:\/\/mundoinbox.com\/wp-content\/uploads\/2021\/05\/Zig-zag-zaa-01-1-520x640.jpg\" class=\"attachment-dabble_portfolio-slider size-dabble_portfolio-slider wp-post-image\" alt=\"\" \/><\/a>\r\n\r\n            \t\t<div class=\"p-icon\">\r\n            \t        <a  href=\"https:\/\/mundoinbox.com\/?portfolios=zig-zag-zaa-2\" ><i class=\"glyph-icon flaticon-next\"><\/i><\/a>  \r\n            \t    <\/div>\r\n                <\/div>\r\n                        <div class=\"portfolio-content\">\r\n    \t\t\t    \t\t\t\t<h4 class=\"p-title\"><a href=\"https:\/\/mundoinbox.com\/?portfolios=zig-zag-zaa-2\">Zig Zag Zaa<\/a><\/h4>\r\n    \t\t\t            \t<p class=\"p-category\"> <a href=\"https:\/\/mundoinbox.com\/?portfolio-category=branding\" rel=\"tag\">Branding<\/a><\/p>\r\n            <\/div>\r\n        <\/div>\r\n\t\t\r\n\t<\/div>\r\n\t\t\r\n\t<div class=\"col-lg-4 col-md-6 grid-item \">\r\n\t\t\r\n\t\t<div class=\"portfolio-item content-overlay\">\r\n\t\t\t                <div class=\"portfolio-img\">\r\n                \t<a href=\"https:\/\/mundoinbox.com\/?portfolios=live-3\"><img loading=\"lazy\" decoding=\"async\" width=\"520\" height=\"640\" src=\"https:\/\/mundoinbox.com\/wp-content\/uploads\/2021\/05\/live-3-03-520x640.jpg\" class=\"attachment-dabble_portfolio-slider size-dabble_portfolio-slider wp-post-image\" alt=\"\" \/><\/a>\r\n\r\n            \t\t<div class=\"p-icon\">\r\n            \t        <a  href=\"https:\/\/mundoinbox.com\/?portfolios=live-3\" ><i class=\"glyph-icon flaticon-next\"><\/i><\/a>  \r\n            \t    <\/div>\r\n                <\/div>\r\n                        <div class=\"portfolio-content\">\r\n    \t\t\t    \t\t\t\t<h4 class=\"p-title\"><a href=\"https:\/\/mundoinbox.com\/?portfolios=live-3\">Live<\/a><\/h4>\r\n    \t\t\t            \t<p class=\"p-category\"> <a href=\"https:\/\/mundoinbox.com\/?portfolio-category=branding\" rel=\"tag\">Branding<\/a><\/p>\r\n            <\/div>\r\n        <\/div>\r\n\t\t\r\n\t<\/div>\r\n\t\t\r\n\t<div class=\"col-lg-4 col-md-6 grid-item \">\r\n\t\t\r\n\t\t<div class=\"portfolio-item content-overlay\">\r\n\t\t\t                <div class=\"portfolio-img\">\r\n                \t<a href=\"https:\/\/mundoinbox.com\/?portfolios=kamylus\"><img loading=\"lazy\" decoding=\"async\" width=\"520\" height=\"640\" src=\"https:\/\/mundoinbox.com\/wp-content\/uploads\/2021\/05\/kamylus-1-01-1-520x640.jpg\" class=\"attachment-dabble_portfolio-slider size-dabble_portfolio-slider wp-post-image\" alt=\"\" \/><\/a>\r\n\r\n            \t\t<div class=\"p-icon\">\r\n            \t        <a  href=\"https:\/\/mundoinbox.com\/?portfolios=kamylus\" ><i class=\"glyph-icon flaticon-next\"><\/i><\/a>  \r\n            \t    <\/div>\r\n                <\/div>\r\n                        <div class=\"portfolio-content\">\r\n    \t\t\t    \t\t\t\t<h4 class=\"p-title\"><a href=\"https:\/\/mundoinbox.com\/?portfolios=kamylus\">Kamylus<\/a><\/h4>\r\n    \t\t\t            \t<p class=\"p-category\"> <a href=\"https:\/\/mundoinbox.com\/?portfolio-category=branding\" rel=\"tag\">Branding<\/a><\/p>\r\n            <\/div>\r\n        <\/div>\r\n\t\t\r\n\t<\/div>\r\n\t\t\r\n\t<div class=\"col-lg-4 col-md-6 grid-item \">\r\n\t\t\r\n\t\t<div class=\"portfolio-item content-overlay\">\r\n\t\t\t                <div class=\"portfolio-img\">\r\n                \t<a href=\"https:\/\/mundoinbox.com\/?portfolios=lecimar-2\"><img loading=\"lazy\" decoding=\"async\" width=\"520\" height=\"640\" src=\"https:\/\/mundoinbox.com\/wp-content\/uploads\/2021\/05\/lecimar-2-01-520x640.jpg\" class=\"attachment-dabble_portfolio-slider size-dabble_portfolio-slider wp-post-image\" alt=\"\" \/><\/a>\r\n\r\n            \t\t<div class=\"p-icon\">\r\n            \t        <a  href=\"https:\/\/mundoinbox.com\/?portfolios=lecimar-2\" ><i class=\"glyph-icon flaticon-next\"><\/i><\/a>  \r\n            \t    <\/div>\r\n                <\/div>\r\n                        <div class=\"portfolio-content\">\r\n    \t\t\t    \t\t\t\t<h4 class=\"p-title\"><a href=\"https:\/\/mundoinbox.com\/?portfolios=lecimar-2\">Lecimar<\/a><\/h4>\r\n    \t\t\t            \t<p class=\"p-category\"> <a href=\"https:\/\/mundoinbox.com\/?portfolio-category=design\" rel=\"tag\">Design<\/a><\/p>\r\n            <\/div>\r\n        <\/div>\r\n\t\t\r\n\t<\/div>\r\n\t\t\t\t\t<\/div>\n\t\t\t<\/div>\n\n\t\t<\/div>\n\t\n\t\t\t<\/div>\n\t\t\t\t<\/div>\n\t\t\t\t\t<\/div>\n\t\t<\/div>\n\t\t\t\t\t<\/div>\n\t\t<\/section>\n\t\t\t\t<\/div>\n\t\t","protected":false},"excerpt":{"rendered":"<p>Criando as melhores imagens TRABALHAMOS SEU PROJETO DE CAMPANHA COM AUTENCIDADE E BUSCANDO A MELHOR MANEIRA DE APRESENTAR SEUS PRODUTOS Saiba Mais 1 \/ 3 Digital Cultivando parcerias duradouras GRA\u00c7AS A RELA\u00c7\u00c3O DE CONFIAN\u00c7A, NOS UNIMOS AOS NOSSOS CLIENTES E JUNTOS FORMAMOS UMA EQUIPE DE PROJETO. ONDE CADA UM REPRESENTA UM PARCELA IMPORTANTE E, DAMOS&#8230;<\/p>\n","protected":false},"author":1,"featured_media":0,"parent":0,"menu_order":0,"comment_status":"closed","ping_status":"closed","template":"","meta":{"_joinchat":[],"footnotes":""},"class_list":["post-6419","page","type-page","status-publish","hentry"],"_links":{"self":[{"href":"https:\/\/mundoinbox.com\/index.php?rest_route=\/wp\/v2\/pages\/6419"}],"collection":[{"href":"https:\/\/mundoinbox.com\/index.php?rest_route=\/wp\/v2\/pages"}],"about":[{"href":"https:\/\/mundoinbox.com\/index.php?rest_route=\/wp\/v2\/types\/page"}],"author":[{"embeddable":true,"href":"https:\/\/mundoinbox.com\/index.php?rest_route=\/wp\/v2\/users\/1"}],"replies":[{"embeddable":true,"href":"https:\/\/mundoinbox.com\/index.php?rest_route=%2Fwp%2Fv2%2Fcomments&post=6419"}],"version-history":[{"count":82,"href":"https:\/\/mundoinbox.com\/index.php?rest_route=\/wp\/v2\/pages\/6419\/revisions"}],"predecessor-version":[{"id":8851,"href":"https:\/\/mundoinbox.com\/index.php?rest_route=\/wp\/v2\/pages\/6419\/revisions\/8851"}],"wp:attachment":[{"href":"https:\/\/mundoinbox.com\/index.php?rest_route=%2Fwp%2Fv2%2Fmedia&parent=6419"}],"curies":[{"name":"wp","href":"https:\/\/api.w.org\/{rel}","templated":true}]}}