{"id":8086,"date":"2021-04-30T08:01:29","date_gmt":"2021-04-30T11:01:29","guid":{"rendered":"http:\/\/localhost\/dabble\/?page_id=8"},"modified":"2024-09-20T11:42:14","modified_gmt":"2024-09-20T14:42:14","slug":"sobre-nos","status":"publish","type":"page","link":"https:\/\/mundoinbox.com\/?page_id=8086","title":{"rendered":"Sobre N\u00f3s"},"content":{"rendered":"\t\t<div data-elementor-type=\"wp-page\" data-elementor-id=\"8086\" class=\"elementor elementor-8086\">\n\t\t\t\t\t\t<section class=\"elementor-section elementor-top-section elementor-element elementor-element-73172bb elementor-section-content-middle elementor-section-stretched elementor-section-boxed elementor-section-height-default elementor-section-height-default\" data-id=\"73172bb\" data-element_type=\"section\" data-settings=\"{&quot;stretch_section&quot;:&quot;section-stretched&quot;,&quot;background_background&quot;:&quot;classic&quot;}\">\n\t\t\t\t\t\t<div class=\"elementor-container elementor-column-gap-default\">\n\t\t\t\t\t<div class=\"elementor-column elementor-col-50 elementor-top-column elementor-element elementor-element-e48b716\" data-id=\"e48b716\" data-element_type=\"column\">\n\t\t\t<div class=\"elementor-widget-wrap elementor-element-populated\">\n\t\t\t\t\t\t<div class=\"elementor-element elementor-element-6201fc2 elementor-widget elementor-widget-rs-heading\" data-id=\"6201fc2\" data-element_type=\"widget\" data-widget_type=\"rs-heading.default\">\n\t\t\t\t<div class=\"elementor-widget-container\">\n\t\t\t\n        <div class=\"prelements-heading style4 animate-default left\">\n        \t<div class=\"title-inner\">        \t\t      \t\t\n\t            <h2 class=\"title\"><span class=\"watermark\"><\/span>A INBOX \u00e9 uma ag\u00eancia produtora de  <span class=\"highlight\">Cat\u00e1logos<\/span><\/h2>\t\t\t\t\n\t\t\t\t\t        <\/div>\n\t                    \t<div class=\"description\">\n            \t\t<p>Por sermos multidisciplinares, atendemos o cliente de ponta a ponta. Com uma equipe qualificada, montamos seu projeto com a melhor qualidade e efici\u00eancia!<\/p>            \t\t\n            \t<\/div>\n        \t        <\/div>\n        \t\t<\/div>\n\t\t\t\t<\/div>\n\t\t\t\t<div class=\"elementor-element elementor-element-dc3c10e elementor-widget elementor-widget-text-editor\" data-id=\"dc3c10e\" data-element_type=\"widget\" data-widget_type=\"text-editor.default\">\n\t\t\t\t<div class=\"elementor-widget-container\">\n\t\t\t\t\t\t\t<p>\u201cMarcas mais fortes, pessoas mais felizes, um mundo melhor\u201d<\/p>\t\t\t\t\t\t<\/div>\n\t\t\t\t<\/div>\n\t\t\t\t<section class=\"elementor-section elementor-inner-section elementor-element elementor-element-d3dd0d6 elementor-section-content-middle elementor-section-boxed elementor-section-height-default elementor-section-height-default\" data-id=\"d3dd0d6\" data-element_type=\"section\" id=\"rs-year-experience\" data-settings=\"{&quot;background_background&quot;:&quot;classic&quot;}\">\n\t\t\t\t\t\t<div class=\"elementor-container elementor-column-gap-default\">\n\t\t\t\t\t<div class=\"elementor-column elementor-col-50 elementor-inner-column elementor-element elementor-element-753550c\" data-id=\"753550c\" data-element_type=\"column\" data-settings=\"{&quot;background_background&quot;:&quot;classic&quot;}\">\n\t\t\t<div class=\"elementor-widget-wrap elementor-element-populated\">\n\t\t\t\t\t\t<div class=\"elementor-element elementor-element-033dc5f elementor-absolute elementor-widget elementor-widget-counter\" data-id=\"033dc5f\" data-element_type=\"widget\" data-settings=\"{&quot;_position&quot;:&quot;absolute&quot;}\" data-widget_type=\"counter.default\">\n\t\t\t\t<div class=\"elementor-widget-container\">\n\t\t\t\t\t<div class=\"elementor-counter\">\n\t\t\t\t\t\t<div class=\"elementor-counter-number-wrapper\">\n\t\t\t\t<span class=\"elementor-counter-number-prefix\"><\/span>\n\t\t\t\t<span class=\"elementor-counter-number\" data-duration=\"2000\" data-to-value=\"10\" data-from-value=\"0\" data-delimiter=\",\">0<\/span>\n\t\t\t\t<span class=\"elementor-counter-number-suffix\">+<\/span>\n\t\t\t<\/div>\n\t\t<\/div>\n\t\t\t\t<\/div>\n\t\t\t\t<\/div>\n\t\t\t\t\t<\/div>\n\t\t<\/div>\n\t\t\t\t<div class=\"elementor-column elementor-col-50 elementor-inner-column elementor-element elementor-element-6446ed8\" data-id=\"6446ed8\" data-element_type=\"column\">\n\t\t\t<div class=\"elementor-widget-wrap elementor-element-populated\">\n\t\t\t\t\t\t<div class=\"elementor-element elementor-element-1fdcec1 elementor-widget elementor-widget-rs-heading\" data-id=\"1fdcec1\" data-element_type=\"widget\" data-widget_type=\"rs-heading.default\">\n\t\t\t\t<div class=\"elementor-widget-container\">\n\t\t\t\n        <div class=\"prelements-heading default animate- left\">\n        \t<div class=\"title-inner\">        \t\t      \t\t\n\t            <h2 class=\"title\"><span class=\"watermark\"><\/span>Compromisso<br>Qualidade<br>Confian\u00e7a<\/h2>\t\t\t\t\n\t\t\t\t\t        <\/div>\n\t                <\/div>\n        \t\t<\/div>\n\t\t\t\t<\/div>\n\t\t\t\t\t<\/div>\n\t\t<\/div>\n\t\t\t\t\t<\/div>\n\t\t<\/section>\n\t\t\t\t\t<\/div>\n\t\t<\/div>\n\t\t\t\t<div class=\"elementor-column elementor-col-50 elementor-top-column elementor-element elementor-element-b753569\" data-id=\"b753569\" data-element_type=\"column\">\n\t\t\t<div class=\"elementor-widget-wrap elementor-element-populated\">\n\t\t\t\t\t\t<div class=\"elementor-element elementor-element-3d224ac elementor-widget elementor-widget-image\" data-id=\"3d224ac\" data-element_type=\"widget\" data-widget_type=\"image.default\">\n\t\t\t\t<div class=\"elementor-widget-container\">\n\t\t\t\t\t\t\t\t\t\t\t\t\t<img fetchpriority=\"high\" decoding=\"async\" width=\"800\" height=\"831\" src=\"https:\/\/mundoinbox.com\/wp-content\/uploads\/2021\/07\/Sobre-1.jpg\" class=\"attachment-full size-full wp-image-8226\" alt=\"\" srcset=\"https:\/\/mundoinbox.com\/wp-content\/uploads\/2021\/07\/Sobre-1.jpg 800w, https:\/\/mundoinbox.com\/wp-content\/uploads\/2021\/07\/Sobre-1-289x300.jpg 289w, https:\/\/mundoinbox.com\/wp-content\/uploads\/2021\/07\/Sobre-1-768x798.jpg 768w\" sizes=\"(max-width: 800px) 100vw, 800px\" \/>\t\t\t\t\t\t\t\t\t\t\t\t\t<\/div>\n\t\t\t\t<\/div>\n\t\t\t\t<div class=\"elementor-element elementor-element-c37d4a1 elementor-widget elementor-widget-rs-image-shabe-animation-effect\" data-id=\"c37d4a1\" data-element_type=\"widget\" data-widget_type=\"rs-image-shabe-animation-effect.default\">\n\t\t\t\t<div class=\"elementor-widget-container\">\n\t\t\t\n        <div class=\"rs-animation-shape-image\">\n\n            \n\n            \n\n                            <div class=\"shape\">\n                    <img decoding=\"async\" class=\"dance\" src=\"https:\/\/keenitsolutions.com\/products\/wordpress\/dabble\/wp-content\/uploads\/2021\/05\/line-cube.png\" alt=\"image\"\/>\n                <\/div>\n            \n\n            \n\n\n        <\/div>      \n    \t\t<\/div>\n\t\t\t\t<\/div>\n\t\t\t\t\t<\/div>\n\t\t<\/div>\n\t\t\t\t\t<\/div>\n\t\t<\/section>\n\t\t\t\t<section class=\"elementor-section elementor-top-section elementor-element elementor-element-be581a9 elementor-section-stretched elementor-section-boxed elementor-section-height-default elementor-section-height-default\" data-id=\"be581a9\" data-element_type=\"section\" data-settings=\"{&quot;stretch_section&quot;:&quot;section-stretched&quot;,&quot;background_background&quot;:&quot;classic&quot;}\">\n\t\t\t\t\t\t\t<div class=\"elementor-background-overlay\"><\/div>\n\t\t\t\t\t\t\t<div class=\"elementor-container elementor-column-gap-default\">\n\t\t\t\t\t<div class=\"elementor-column elementor-col-100 elementor-top-column elementor-element elementor-element-e75af47\" data-id=\"e75af47\" data-element_type=\"column\">\n\t\t\t<div class=\"elementor-widget-wrap elementor-element-populated\">\n\t\t\t\t\t\t<section class=\"elementor-section elementor-inner-section elementor-element elementor-element-eab5870 elementor-section-content-middle elementor-section-boxed elementor-section-height-default elementor-section-height-default\" data-id=\"eab5870\" data-element_type=\"section\" data-settings=\"{&quot;background_background&quot;:&quot;classic&quot;}\">\n\t\t\t\t\t\t<div class=\"elementor-container elementor-column-gap-default\">\n\t\t\t\t\t<div class=\"elementor-column elementor-col-50 elementor-inner-column elementor-element elementor-element-6e5311e\" data-id=\"6e5311e\" data-element_type=\"column\">\n\t\t\t<div class=\"elementor-widget-wrap elementor-element-populated\">\n\t\t\t\t\t\t<div class=\"elementor-element elementor-element-01353a2 elementor-widget elementor-widget-image\" data-id=\"01353a2\" data-element_type=\"widget\" data-widget_type=\"image.default\">\n\t\t\t\t<div class=\"elementor-widget-container\">\n\t\t\t\t\t\t\t\t\t\t\t\t\t<img decoding=\"async\" width=\"800\" height=\"820\" src=\"https:\/\/mundoinbox.com\/wp-content\/uploads\/2021\/07\/COMO-TRABALHAMOS-1.jpg\" class=\"attachment-full size-full wp-image-8230\" alt=\"\" srcset=\"https:\/\/mundoinbox.com\/wp-content\/uploads\/2021\/07\/COMO-TRABALHAMOS-1.jpg 800w, https:\/\/mundoinbox.com\/wp-content\/uploads\/2021\/07\/COMO-TRABALHAMOS-1-293x300.jpg 293w, https:\/\/mundoinbox.com\/wp-content\/uploads\/2021\/07\/COMO-TRABALHAMOS-1-768x787.jpg 768w\" sizes=\"(max-width: 800px) 100vw, 800px\" \/>\t\t\t\t\t\t\t\t\t\t\t\t\t<\/div>\n\t\t\t\t<\/div>\n\t\t\t\t\t<\/div>\n\t\t<\/div>\n\t\t\t\t<div class=\"elementor-column elementor-col-50 elementor-inner-column elementor-element elementor-element-9a9493b\" data-id=\"9a9493b\" data-element_type=\"column\">\n\t\t\t<div class=\"elementor-widget-wrap elementor-element-populated\">\n\t\t\t\t\t\t<div class=\"elementor-element elementor-element-b242c74 elementor-widget elementor-widget-rs-heading\" data-id=\"b242c74\" data-element_type=\"widget\" data-widget_type=\"rs-heading.default\">\n\t\t\t\t<div class=\"elementor-widget-container\">\n\t\t\t\n        <div class=\"prelements-heading default animate-default left\">\n        \t<div class=\"title-inner\">        \t\t      \t\t\n\t            <span class=\"sub-text \">Como trabalhamos<\/span><h2 class=\"title\"><span class=\"watermark\"><\/span>Centralizamos na <span>ag\u00eancia<\/span> os servi\u00e7os do in\u00edcio ao fim.<\/h2>\t\t\t\t\n\t\t\t\t\t        <\/div>\n\t                    \t<div class=\"description\">\n            \t\t<p>Oferecemos tranquilidade, responsabilidade e seguran\u00e7a aos nossos clientes.<br \/>Somos especializados em design, marketing e na produ\u00e7\u00e3o de imagens para publicidade, cat\u00e1logos e e-commerce.<\/p>            \t\t\n            \t<\/div>\n        \t        <\/div>\n        \t\t<\/div>\n\t\t\t\t<\/div>\n\t\t\t\t<div class=\"elementor-element elementor-element-bcae39b elementor-widget elementor-widget-rs-video\" data-id=\"bcae39b\" data-element_type=\"widget\" data-widget_type=\"rs-video.default\">\n\t\t\t\t<div class=\"elementor-widget-container\">\n\t\t\t  \t\t<div class=\"rs-video video-item-2855 left style2\" >\r\n\r\n\r\n   \t\t\t\t\r\n\t\t\t\t\t\r\n  \t\t\t\t\t\r\n  \t\t\t\t\t<span class=\"video_title\"><\/span>\r\n\r\n\t\t\t\t    \t\t\t\t    \t<div class=\"video-desc\">\r\n\t\t\t\t    \t\tVeja mais!\t\t\t\t    \t<\/div>\r\n\t\t\t\t    \t\t\t\t    <div class=\"rs-icon-inners\">\r\n  \t\t\t\t\t\t\t  \t\t\t\t\t\t<div class=\"animate-border\">\r\n\t\t\t\t\t\t\t    <a class=\"popup-border\" href=\"https:\/\/mundoinbox.com\/wp-content\/uploads\/2024\/09\/WhatsApp-Video-2024-09-20-at-11.13.01.mp4\">\r\n\t\t\t\t\t\t\t\t\t<i class=\"fa fa-play\"><\/i>\r\n\t\t\t\t\t\t\t\t<\/a>\r\n\t\t\t\t\t\t\t<\/div>\r\n  \t\t\t\t\t\t\t\t\t\t\t<\/div>\r\n\t\t\t\t\r\n   \t\t\t\t\t\t\t\t    \r\n\t\t\t<\/div>\t\r\n\r\n\r\n\t\t<script type=\"text\/javascript\">\t\t\t\r\n\t\t\tjQuery(document).ready(function(){\r\n\t\t\t\tjQuery('.popup-videos').magnificPopup({\r\n\t\t\t        disableOn: 10,\r\n\t\t\t        type: 'iframe',\r\n\t\t\t        mainClass: 'mfp-fade',\r\n\t\t\t        removalDelay: 160,\r\n\t\t\t        preloader: false,\r\n\r\n\t\t\t        fixedContentPos: false\r\n\t\t\t    }); \r\n\t\t\t});\r\n\t\t<\/script>\r\n    \r\n\t\t<\/div>\n\t\t\t\t<\/div>\n\t\t\t\t\t<\/div>\n\t\t<\/div>\n\t\t\t\t\t<\/div>\n\t\t<\/section>\n\t\t\t\t\t<\/div>\n\t\t<\/div>\n\t\t\t\t\t<\/div>\n\t\t<\/section>\n\t\t\t\t<section class=\"elementor-section elementor-top-section elementor-element elementor-element-4ae5ede elementor-section-full_width elementor-section-stretched elementor-section-height-default elementor-section-height-default\" data-id=\"4ae5ede\" data-element_type=\"section\" data-settings=\"{&quot;stretch_section&quot;:&quot;section-stretched&quot;}\">\n\t\t\t\t\t\t<div class=\"elementor-container elementor-column-gap-default\">\n\t\t\t\t\t<div class=\"elementor-column elementor-col-100 elementor-top-column elementor-element elementor-element-1130346\" data-id=\"1130346\" data-element_type=\"column\">\n\t\t\t<div class=\"elementor-widget-wrap elementor-element-populated\">\n\t\t\t\t\t\t<div class=\"elementor-element elementor-element-8bb66da elementor-widget elementor-widget-rs-logo\" data-id=\"8bb66da\" data-element_type=\"widget\" data-widget_type=\"rs-logo.default\">\n\t\t\t\t<div class=\"elementor-widget-container\">\n\t\t\t\n        \n            <div class=\"rsaddon-unique-slider\">\n                <div id=\"rsaddon-slick-slider-12730\" class=\"rs-addon-slider rsl_style2\">                      \n                                                <div class=\"grid-item \">\n                                <div  class=\"rs-grid-figure\">\n                                    <div class=\"logo-img\">\n                                        <a href=\"https:\/\/mundoinbox.com\/portfolio\/\" ><img decoding=\"async\" class=\"hovers-logos rs-grid-img \"  src=\"https:\/\/mundoinbox.com\/wp-content\/uploads\/2021\/07\/logo-fbr.png\" title=\"\" alt=\"\">\n                                        <img decoding=\"async\" class=\"mains-logos rs-grid-img \"  src=\"https:\/\/mundoinbox.com\/wp-content\/uploads\/2021\/07\/logo-fbr.png\" title=\"\" alt=\"\"><\/a>\n                                        \n\n                                    <\/div>\n                                                                                                        <\/div>\n                            <\/div>           \n                                                    <div class=\"grid-item \">\n                                <div  class=\"rs-grid-figure\">\n                                    <div class=\"logo-img\">\n                                        <a href=\"https:\/\/mundoinbox.com\/portfolio\/\" ><img decoding=\"async\" class=\"hovers-logos rs-grid-img \"  src=\"https:\/\/mundoinbox.com\/wp-content\/uploads\/2021\/07\/logo-kamilus.png\" title=\"\" alt=\"\">\n                                        <img decoding=\"async\" class=\"mains-logos rs-grid-img \"  src=\"https:\/\/mundoinbox.com\/wp-content\/uploads\/2021\/07\/logo-kamilus.png\" title=\"\" alt=\"\"><\/a>\n                                        \n\n                                    <\/div>\n                                                                                                        <\/div>\n                            <\/div>           \n                                                    <div class=\"grid-item \">\n                                <div  class=\"rs-grid-figure\">\n                                    <div class=\"logo-img\">\n                                        <a href=\"https:\/\/mundoinbox.com\/portfolio\/\" ><img decoding=\"async\" class=\"hovers-logos rs-grid-img \"  src=\"https:\/\/mundoinbox.com\/wp-content\/uploads\/2021\/07\/logo-kaiani.png\" title=\"\" alt=\"\">\n                                        <img decoding=\"async\" class=\"mains-logos rs-grid-img \"  src=\"https:\/\/mundoinbox.com\/wp-content\/uploads\/2021\/07\/logo-kaiani.png\" title=\"\" alt=\"\"><\/a>\n                                        \n\n                                    <\/div>\n                                                                                                        <\/div>\n                            <\/div>           \n                                                    <div class=\"grid-item \">\n                                <div  class=\"rs-grid-figure\">\n                                    <div class=\"logo-img\">\n                                        <a href=\"https:\/\/mundoinbox.com\/portfolio\/\" ><img decoding=\"async\" class=\"hovers-logos rs-grid-img \"  src=\"https:\/\/mundoinbox.com\/wp-content\/uploads\/2021\/07\/logo-lecimar.png\" title=\"\" alt=\"\">\n                                        <img decoding=\"async\" class=\"mains-logos rs-grid-img \"  src=\"https:\/\/mundoinbox.com\/wp-content\/uploads\/2021\/07\/logo-lecimar.png\" title=\"\" alt=\"\"><\/a>\n                                        \n\n                                    <\/div>\n                                                                                                        <\/div>\n                            <\/div>           \n                                                    <div class=\"grid-item \">\n                                <div  class=\"rs-grid-figure\">\n                                    <div class=\"logo-img\">\n                                        <a href=\"https:\/\/mundoinbox.com\/portfolio\/\" ><img decoding=\"async\" class=\"hovers-logos rs-grid-img \"  src=\"https:\/\/mundoinbox.com\/wp-content\/uploads\/2021\/07\/logo-lunender.png\" title=\"\" alt=\"\">\n                                        <img decoding=\"async\" class=\"mains-logos rs-grid-img \"  src=\"https:\/\/mundoinbox.com\/wp-content\/uploads\/2021\/07\/logo-lunender.png\" title=\"\" alt=\"\"><\/a>\n                                        \n\n                                    <\/div>\n                                                                                                        <\/div>\n                            <\/div>           \n                                                    <div class=\"grid-item \">\n                                <div  class=\"rs-grid-figure\">\n                                    <div class=\"logo-img\">\n                                        <a href=\"https:\/\/mundoinbox.com\/portfolio\/\" ><img decoding=\"async\" class=\"hovers-logos rs-grid-img \"  src=\"https:\/\/mundoinbox.com\/wp-content\/uploads\/2021\/07\/logo-live.png\" title=\"\" alt=\"\">\n                                        <img decoding=\"async\" class=\"mains-logos rs-grid-img \"  src=\"https:\/\/mundoinbox.com\/wp-content\/uploads\/2021\/07\/logo-live.png\" title=\"\" alt=\"\"><\/a>\n                                        \n\n                                    <\/div>\n                                                                                                        <\/div>\n                            <\/div>           \n                                                    <div class=\"grid-item \">\n                                <div  class=\"rs-grid-figure\">\n                                    <div class=\"logo-img\">\n                                        <a href=\"https:\/\/mundoinbox.com\/portfolio\/\" ><img decoding=\"async\" class=\"hovers-logos rs-grid-img \"  src=\"https:\/\/mundoinbox.com\/wp-content\/uploads\/2021\/07\/logo-marisol.png\" title=\"\" alt=\"\">\n                                        <img decoding=\"async\" class=\"mains-logos rs-grid-img \"  src=\"https:\/\/mundoinbox.com\/wp-content\/uploads\/2021\/07\/logo-marisol.png\" title=\"\" alt=\"\"><\/a>\n                                        \n\n                                    <\/div>\n                                                                                                        <\/div>\n                            <\/div>           \n                                                    <div class=\"grid-item \">\n                                <div  class=\"rs-grid-figure\">\n                                    <div class=\"logo-img\">\n                                        <a href=\"https:\/\/mundoinbox.com\/portfolio\/\" ><img decoding=\"async\" class=\"hovers-logos rs-grid-img \"  src=\"https:\/\/mundoinbox.com\/wp-content\/uploads\/2021\/07\/logo-tigor.png\" title=\"\" alt=\"\">\n                                        <img decoding=\"async\" class=\"mains-logos rs-grid-img \"  src=\"https:\/\/mundoinbox.com\/wp-content\/uploads\/2021\/07\/logo-tigor.png\" title=\"\" alt=\"\"><\/a>\n                                        \n\n                                    <\/div>\n                                                                                                        <\/div>\n                            <\/div>           \n                                                    <div class=\"grid-item \">\n                                <div  class=\"rs-grid-figure\">\n                                    <div class=\"logo-img\">\n                                        <a href=\"https:\/\/mundoinbox.com\/portfolio\/\" ><img decoding=\"async\" class=\"hovers-logos rs-grid-img \"  src=\"https:\/\/mundoinbox.com\/wp-content\/uploads\/2021\/07\/logo-malwee.png\" title=\"\" alt=\"\">\n                                        <img decoding=\"async\" class=\"mains-logos rs-grid-img \"  src=\"https:\/\/mundoinbox.com\/wp-content\/uploads\/2021\/07\/logo-malwee.png\" title=\"\" alt=\"\"><\/a>\n                                        \n\n                                    <\/div>\n                                                                                                        <\/div>\n                            <\/div>           \n                                                    <div class=\"grid-item \">\n                                <div  class=\"rs-grid-figure\">\n                                    <div class=\"logo-img\">\n                                        <a href=\"https:\/\/mundoinbox.com\/portfolio\/\" ><img decoding=\"async\" class=\"hovers-logos rs-grid-img \"  src=\"https:\/\/mundoinbox.com\/wp-content\/uploads\/2021\/07\/logo-lilica.png\" title=\"\" alt=\"\">\n                                        <img decoding=\"async\" class=\"mains-logos rs-grid-img \"  src=\"https:\/\/mundoinbox.com\/wp-content\/uploads\/2021\/07\/logo-lilica.png\" title=\"\" alt=\"\"><\/a>\n                                        \n\n                                    <\/div>\n                                                                                                        <\/div>\n                            <\/div>           \n                                              \n                <\/div>\n                <div class=\"rsaddon-slider-conf wpsisac-hide\" data-conf=\"{&quot;slidesToShow&quot;:&quot;6&quot;,&quot;autoplaySpeed&quot;:3000,&quot;interval&quot;:3000,&quot;slidesToScroll&quot;:2,&quot;slider_autoplay&quot;:&quot;true&quot;,&quot;pauseOnHover&quot;:&quot;false&quot;,&quot;sliderDots&quot;:&quot;false&quot;,&quot;sliderNav&quot;:&quot;false&quot;,&quot;infinite&quot;:&quot;true&quot;,&quot;centerMode&quot;:&quot;true&quot;,&quot;col_lg&quot;:&quot;6&quot;,&quot;col_md&quot;:&quot;4&quot;,&quot;col_sm&quot;:&quot;3&quot;,&quot;col_xs&quot;:&quot;2&quot;}\"><\/div>\n            <\/div>\n            <script type=\"text\/javascript\"> \n                jQuery(document).ready(function(){\n                    jQuery( '.rs-addon-slider' ).each(function( index ) {        \n                    var slider_id       = jQuery(this).attr('id'); \n                    var slider_conf     = jQuery.parseJSON( jQuery(this).closest('.rsaddon-unique-slider').find('.rsaddon-slider-conf').attr('data-conf'));\n                   \n                    if( typeof(slider_id) != 'undefined' && slider_id != '' ) {\n                    jQuery('#'+slider_id).not('.slick-initialized').slick({\n                    slidesToShow    : parseInt(slider_conf.col_lg),\n                    centerMode      : (slider_conf.centerMode)  == \"true\" ? true : false,\n                    dots            : (slider_conf.sliderDots)  == \"true\" ? true : false,\n                    arrows          : (slider_conf.sliderNav) == \"true\" ? true : false,\n                    autoplay        : (slider_conf.slider_autoplay) == \"true\" ? true : false,\n                    slidesToScroll  : parseInt(slider_conf.slidesToScroll),\n                    centerPadding   : '15px',\n                    autoplaySpeed   : parseInt(slider_conf.autoplaySpeed),\n                    pauseOnHover    : (slider_conf.pauseOnHover) == \"true\" ? true : false,\n                    loop : false,\n\n                    responsive: [{\n                        breakpoint: 1200,\n                        settings: {\n                            slidesToShow: parseInt(slider_conf.col_md),\n                        }\n                    }, \n                    {\n                        breakpoint: 992,\n                        settings: {\n                            slidesToShow: parseInt(slider_conf.col_sm),\n                        }\n                    }, \n                    {\n                        breakpoint: 768,\n                        settings: {\n                            arrows: false,\n                            slidesToShow: parseInt(slider_conf.col_xs),\n                        }\n                    }, ]\n                    });\n                }\n               \n                });\n            });\n            <\/script>\n        \t\t<\/div>\n\t\t\t\t<\/div>\n\t\t\t\t\t<\/div>\n\t\t<\/div>\n\t\t\t\t\t<\/div>\n\t\t<\/section>\n\t\t\t\t<\/div>\n\t\t","protected":false},"excerpt":{"rendered":"<p>A INBOX \u00e9 uma ag\u00eancia produtora de Cat\u00e1logos Por sermos multidisciplinares, atendemos o cliente de ponta a ponta. Com uma equipe qualificada, montamos seu projeto com a melhor qualidade e efici\u00eancia! \u201cMarcas mais fortes, pessoas mais felizes, um mundo melhor\u201d 0 + CompromissoQualidadeConfian\u00e7a Como trabalhamos Centralizamos na ag\u00eancia os servi\u00e7os do in\u00edcio ao fim. Oferecemos&#8230;<\/p>\n","protected":false},"author":1,"featured_media":0,"parent":0,"menu_order":0,"comment_status":"closed","ping_status":"closed","template":"","meta":{"_joinchat":[],"footnotes":""},"class_list":["post-8086","page","type-page","status-publish","hentry"],"_links":{"self":[{"href":"https:\/\/mundoinbox.com\/index.php?rest_route=\/wp\/v2\/pages\/8086"}],"collection":[{"href":"https:\/\/mundoinbox.com\/index.php?rest_route=\/wp\/v2\/pages"}],"about":[{"href":"https:\/\/mundoinbox.com\/index.php?rest_route=\/wp\/v2\/types\/page"}],"author":[{"embeddable":true,"href":"https:\/\/mundoinbox.com\/index.php?rest_route=\/wp\/v2\/users\/1"}],"replies":[{"embeddable":true,"href":"https:\/\/mundoinbox.com\/index.php?rest_route=%2Fwp%2Fv2%2Fcomments&post=8086"}],"version-history":[{"count":105,"href":"https:\/\/mundoinbox.com\/index.php?rest_route=\/wp\/v2\/pages\/8086\/revisions"}],"predecessor-version":[{"id":8906,"href":"https:\/\/mundoinbox.com\/index.php?rest_route=\/wp\/v2\/pages\/8086\/revisions\/8906"}],"wp:attachment":[{"href":"https:\/\/mundoinbox.com\/index.php?rest_route=%2Fwp%2Fv2%2Fmedia&parent=8086"}],"curies":[{"name":"wp","href":"https:\/\/api.w.org\/{rel}","templated":true}]}}